{"id":8868,"date":"2021-11-04T17:37:10","date_gmt":"2021-11-04T17:37:10","guid":{"rendered":"http:\/\/dummy.xtemos.com\/woodmart2\/elementor\/?page_id=8868"},"modified":"2026-02-11T01:32:54","modified_gmt":"2026-02-11T00:32:54","slug":"maintenance-2","status":"publish","type":"page","link":"https:\/\/de-foto.de\/index.php\/maintenance-2\/","title":{"rendered":"fotode"},"content":{"rendered":"\t\t<div data-elementor-type=\"wp-page\" data-elementor-id=\"8868\" class=\"elementor elementor-8868\">\n\t\t\t\t<div class=\"wd-negative-gap elementor-element elementor-element-7e75075 wd-section-stretch-content e-flex e-con-boxed e-con e-parent\" data-id=\"7e75075\" data-element_type=\"container\" data-e-type=\"container\" data-settings=\"{&quot;background_background&quot;:&quot;classic&quot;}\">\n\t\t\t\t\t<div class=\"e-con-inner\">\n\t\t<div class=\"elementor-element elementor-element-a4d3886 e-con-full e-flex e-con e-child\" data-id=\"a4d3886\" data-element_type=\"container\" data-e-type=\"container\">\n\t\t\t\t<div class=\"elementor-element elementor-element-f2def0e wd-width-100 elementor-widget elementor-widget-wd_title\" data-id=\"f2def0e\" data-element_type=\"widget\" data-e-type=\"widget\" data-widget_type=\"wd_title.default\">\n\t\t\t\t<div class=\"elementor-widget-container\">\n\t\t\t\t\t\t\t<div class=\"title-wrapper wd-set-mb reset-last-child wd-title-color-default wd-title-style-default wd-title-size-extra-large text-center\">\n\n\t\t\t\t\t\t\t\t\t\t\t<div class=\"title-subtitle subtitle-color-default subtitle-style-default wd-fontsize-m\">\n\t\t\t\t\t\u0130leti\u015fimde Kalal\u0131m\t\t\t\t<\/div>\n\t\t\t\n\t\t\t<div class=\"liner-continer\">\n\t\t\t\t<h4 class=\"woodmart-title-container title wd-fontsize-xxxl\">de@de-foto.de<\/h4> \n\t\t\t\t\t\t\t<\/div>\n\n\t\t\t\t\t\t\t<div class=\"title-after_title reset-last-child wd-fontsize-s\">\n\t\t\t\t\t<p><span style=\"vertical-align: inherit\"><span style=\"vertical-align: inherit\">\u015eu an aktif olarak \u00e7ekimlere devam ediyoruz<\/span><\/span><\/p><p><span style=\"vertical-align: inherit\"><span style=\"vertical-align: inherit\"><span style=\"vertical-align: inherit\"><span style=\"vertical-align: inherit\"><span style=\"vertical-align: inherit\"><span style=\"vertical-align: inherit\"><span style=\"vertical-align: inherit\"><span style=\"vertical-align: inherit\">Sorular\u0131n\u0131z veya randevular\u0131n\u0131z i\u00e7in bize e-posta yoluyla her zaman ula\u015fabilirsiniz. Ekibimiz ve k\u0131sa s\u00fcrede size d\u00f6n\u00fc\u015f yapacakt\u0131r.<\/span><\/span><\/span><\/span><\/span><\/span><\/span><\/span><\/p>\t\t\t\t<\/div>\n\t\t\t\t\t<\/div>\n\t\t\t\t\t\t<\/div>\n\t\t\t\t<\/div>\n\t\t\t\t<div class=\"elementor-element elementor-element-0c8330d wd-width-100 elementor-widget elementor-widget-wd_title\" data-id=\"0c8330d\" data-element_type=\"widget\" data-e-type=\"widget\" data-widget_type=\"wd_title.default\">\n\t\t\t\t<div class=\"elementor-widget-container\">\n\t\t\t\t\t\t\t<div class=\"title-wrapper wd-set-mb reset-last-child wd-title-color-default wd-title-style-default wd-title-size-extra-large text-center\">\n\n\t\t\t\t\t\t\t\t\t\t\t<div class=\"title-subtitle subtitle-color-default subtitle-style-default wd-fontsize-m\">\n\t\t\t\t\tBleiben wir in Kontakt<br \/>\nWir sind bald mit einer frischen Perspektive zur\u00fcck!\t\t\t\t<\/div>\n\t\t\t\n\t\t\t<div class=\"liner-continer\">\n\t\t\t\t<h4 class=\"woodmart-title-container title wd-fontsize-xxxl\">de@de-foto.de<\/h4> \n\t\t\t\t\t\t\t<\/div>\n\n\t\t\t\t\t\t\t<div class=\"title-after_title reset-last-child wd-fontsize-s\">\n\t\t\t\t\t<p>Aktuell finden unsere Foto-Shootings wie gewohnt statt.<\/p><p>F\u00fcr Ihre Fragen oder Terminanfragen k\u00f6nnen Sie uns jederzeit per E-Mail erreichen. Wir werden uns so schnell wie m\u00f6glich bei Ihnen melden.<\/p>\t\t\t\t<\/div>\n\t\t\t\t\t<\/div>\n\t\t\t\t\t\t<\/div>\n\t\t\t\t<\/div>\n\t\t\t\t<div class=\"elementor-element elementor-element-6ea5916 wd-width-100 elementor-widget elementor-widget-wd_title\" data-id=\"6ea5916\" data-element_type=\"widget\" data-e-type=\"widget\" data-widget_type=\"wd_title.default\">\n\t\t\t\t<div class=\"elementor-widget-container\">\n\t\t\t\t\t\t\t<div class=\"title-wrapper wd-set-mb reset-last-child wd-title-color-default wd-title-style-default wd-title-size-extra-large text-center\">\n\n\t\t\t\t\t\t\t\t\t\t\t<div class=\"title-subtitle subtitle-color-default subtitle-style-default wd-fontsize-m\">\n\t\t\t\t\tEn G\u00fczel Anlar\u0131n\u0131z \u0130\u00e7in Haz\u0131rlan\u0131yoruz!\t\t\t\t<\/div>\n\t\t\t\n\t\t\t<div class=\"liner-continer\">\n\t\t\t\t<h4 class=\"woodmart-title-container title wd-fontsize-xxxl\">Viz\u00f6r\u00fcm\u00fcz\u00fc Ayarl\u0131yoruz, \u00c7ok Yak\u0131nda Buraday\u0131z.<\/h4> \n\t\t\t\t\t\t\t<\/div>\n\n\t\t\t\t\t\t\t<div class=\"title-after_title reset-last-child wd-fontsize-s\">\n\t\t\t\t\t<p><span style=\"vertical-align: inherit\"><span style=\"vertical-align: inherit\"><span style=\"vertical-align: inherit\"><span style=\"vertical-align: inherit\"><span style=\"vertical-align: inherit\"><span style=\"vertical-align: inherit\">Websitemiz \u015fu anda yenileniyor. Size daha profesyonel ve kaliteli bir hizmet sunabilmek i\u00e7in \u00e7ok yak\u0131nda yeni aray\u00fcz\u00fcm\u00fcz ve portfolyomuzla yay\u0131nda olaca\u011f\u0131z.<\/span><\/span><\/span><\/span><\/span><\/span><\/p>\t\t\t\t<\/div>\n\t\t\t\t\t<\/div>\n\t\t\t\t\t\t<\/div>\n\t\t\t\t<\/div>\n\t\t\t\t<div class=\"elementor-element elementor-element-31c02df elementor-widget elementor-widget-wd_countdown_timer\" data-id=\"31c02df\" data-element_type=\"widget\" data-e-type=\"widget\" data-widget_type=\"wd_countdown_timer.default\">\n\t\t\t\t<div class=\"elementor-widget-container\">\n\t\t\t\t\t\t\t<div class=\"wd-countdown-timer color-scheme-dark text-center\">\n\t\t\t<div class=\"wd-timer wd-size-medium    \" data-end-date=\"2026-06-06 00:00\" data-timezone=\"GMT\" data-hide-on-finish=\"\">\n\t\t\t\t<span class=\"wd-item wd-timer-days\">\n\t\t\t\t\t<span class=\"wd-timer-value\">\n\t\t\t\t\t\t0\n\t\t\t\t\t<\/span>\n\t\t\t\t\t<span class=\"wd-timer-text\">\n\t\t\t\t\t\tdays\t\t\t\t\t<\/span>\n\t\t\t\t<\/span>\n\t\t\t\t\t\t\t\t<span class=\"wd-item wd-timer-hours\">\n\t\t\t\t\t<span class=\"wd-timer-value\">\n\t\t\t\t\t\t00\n\t\t\t\t\t<\/span>\n\t\t\t\t\t<span class=\"wd-timer-text\">\n\t\t\t\t\t\thr\t\t\t\t\t<\/span>\n\t\t\t\t<\/span>\n\t\t\t\t\t\t\t\t<span class=\"wd-item wd-timer-min\">\n\t\t\t\t\t<span class=\"wd-timer-value\">\n\t\t\t\t\t\t00\n\t\t\t\t\t<\/span>\n\t\t\t\t\t<span class=\"wd-timer-text\">\n\t\t\t\t\t\tmin\t\t\t\t\t<\/span>\n\t\t\t\t<\/span>\n\t\t\t\t\t\t\t\t<span class=\"wd-item wd-timer-sec\">\n\t\t\t\t\t<span class=\"wd-timer-value\">\n\t\t\t\t\t\t00\n\t\t\t\t\t<\/span>\n\t\t\t\t\t<span class=\"wd-timer-text\">\n\t\t\t\t\t\tsc\t\t\t\t\t<\/span>\n\t\t\t\t<\/span>\n\t\t\t<\/div>\n\t\t<\/div>\n\t\t\t\t\t\t<\/div>\n\t\t\t\t<\/div>\n\t\t\t\t<\/div>\n\t\t<div class=\"elementor-element elementor-element-6c3f5b4 elementor-hidden-tablet elementor-hidden-mobile e-con-full e-flex e-con e-child\" data-id=\"6c3f5b4\" data-element_type=\"container\" data-e-type=\"container\" data-settings=\"{&quot;background_background&quot;:&quot;classic&quot;}\">\n\t\t\t\t<\/div>\n\t\t\t\t\t<\/div>\n\t\t\t\t<\/div>\n\t\t\t\t<\/div>\n\t\t","protected":false},"excerpt":{"rendered":"<p>\u0130leti\u015fimde Kalal\u0131m de@de-foto.de \u015eu an aktif olarak \u00e7ekimlere devam ediyoruz Sorular\u0131n\u0131z veya randevular\u0131n\u0131z i\u00e7in bize e-posta yoluyla her zaman ula\u015fabilirsiniz.<\/p>\n","protected":false},"author":1,"featured_media":0,"parent":0,"menu_order":0,"comment_status":"closed","ping_status":"closed","template":"maintenance.php","meta":{"footnotes":""},"class_list":["post-8868","page","type-page","status-publish","hentry"],"_links":{"self":[{"href":"https:\/\/de-foto.de\/index.php\/wp-json\/wp\/v2\/pages\/8868","targetHints":{"allow":["GET"]}}],"collection":[{"href":"https:\/\/de-foto.de\/index.php\/wp-json\/wp\/v2\/pages"}],"about":[{"href":"https:\/\/de-foto.de\/index.php\/wp-json\/wp\/v2\/types\/page"}],"author":[{"embeddable":true,"href":"https:\/\/de-foto.de\/index.php\/wp-json\/wp\/v2\/users\/1"}],"replies":[{"embeddable":true,"href":"https:\/\/de-foto.de\/index.php\/wp-json\/wp\/v2\/comments?post=8868"}],"version-history":[{"count":12,"href":"https:\/\/de-foto.de\/index.php\/wp-json\/wp\/v2\/pages\/8868\/revisions"}],"predecessor-version":[{"id":29035,"href":"https:\/\/de-foto.de\/index.php\/wp-json\/wp\/v2\/pages\/8868\/revisions\/29035"}],"wp:attachment":[{"href":"https:\/\/de-foto.de\/index.php\/wp-json\/wp\/v2\/media?parent=8868"}],"curies":[{"name":"wp","href":"https:\/\/api.w.org\/{rel}","templated":true}]}}